{"id":2427,"date":"2024-10-26T15:56:11","date_gmt":"2024-10-26T13:56:11","guid":{"rendered":"https:\/\/www.residencechecrouit.com\/residence\/"},"modified":"2025-09-03T17:59:22","modified_gmt":"2025-09-03T15:59:22","slug":"residence","status":"publish","type":"page","link":"https:\/\/www.residencechecrouit.com\/fr\/residence\/","title":{"rendered":"Residence"},"content":{"rendered":"<p>[et_pb_section fb_built=\u00a0\u00bb1&Prime; module_id=\u00a0\u00bbtop_pag\u00a0\u00bb _builder_version=\u00a0\u00bb4.27.2&Prime; _module_preset=\u00a0\u00bbdefault\u00a0\u00bb background_color=\u00a0\u00bb#E5D7C3&Prime; global_colors_info=\u00a0\u00bb{}\u00a0\u00bb][et_pb_row column_structure=\u00a0\u00bb3_5,2_5&Prime; _builder_version=\u00a0\u00bb4.27.4&Prime; _module_preset=\u00a0\u00bbdefault\u00a0\u00bb width=\u00a0\u00bb90%\u00a0\u00bb max_width=\u00a0\u00bb90%\u00a0\u00bb global_colors_info=\u00a0\u00bb{}\u00a0\u00bb][et_pb_column type=\u00a0\u00bb3_5&Prime; _builder_version=\u00a0\u00bb4.27.2&Prime; _module_preset=\u00a0\u00bbdefault\u00a0\u00bb global_colors_info=\u00a0\u00bb{}\u00a0\u00bb][et_pb_text _builder_version=\u00a0\u00bb4.27.2&Prime; _module_preset=\u00a0\u00bbdefault\u00a0\u00bb global_colors_info=\u00a0\u00bb{}\u00a0\u00bb]<\/p>\n<h1>Le Residence Ch\u00e9crouit<\/h1>\n<h2>Depuis 1959<\/h2>\n<p>Le B&amp;B Residence Checrouit est g\u00e9r\u00e9 avec passion par notre famille depuis 1959.<\/p>\n<p>Un lieu d\u00e9di\u00e9 \u00e0 l&rsquo;hospitalit\u00e9 o\u00f9 l&rsquo;accueil est une attitude naturelle pour vous faire sentir chez vous, avec le confort et les services d&rsquo;un h\u00f4tel : nettoyage quotidien, linge de lit et de bain, t\u00e9l\u00e9vision Sky, internet Wi-Fi gratuit. Les animaux de petite taille sont accept\u00e9s uniquement dans certains appartements, sur demande, avec un suppl\u00e9ment de 10 \u20ac par nuit.\u00a0\u00bb<\/p>\n<p>[\/et_pb_text][\/et_pb_column][et_pb_column type=\u00a0\u00bb2_5&Prime; _builder_version=\u00a0\u00bb4.27.2&Prime; _module_preset=\u00a0\u00bbdefault\u00a0\u00bb global_colors_info=\u00a0\u00bb{}\u00a0\u00bb][et_pb_image src=\u00a0\u00bbhttps:\/\/www.residencechecrouit.com\/wp-content\/uploads\/2024\/10\/about-sabot.jpg\u00a0\u00bb title_text=\u00a0\u00bbabout-sabot\u00a0\u00bb _builder_version=\u00a0\u00bb4.27.4&Prime; _module_preset=\u00a0\u00bbdefault\u00a0\u00bb scroll_vertical_motion=\u00a0\u00bb0|70|70|100|-2|0|0&Prime; scroll_vertical_motion_tablet=\u00a0\u00bb0|70|70|100|0|0|0&Prime; scroll_vertical_motion_phone=\u00a0\u00bb0|70|70|100|0|0|0&Prime; scroll_vertical_motion_last_edited=\u00a0\u00bbon|desktop\u00a0\u00bb global_colors_info=\u00a0\u00bb{}\u00a0\u00bb][\/et_pb_image][\/et_pb_column][\/et_pb_row][\/et_pb_section][et_pb_section fb_built=\u00a0\u00bb1&Prime; fullwidth=\u00a0\u00bbon\u00a0\u00bb module_class=\u00a0\u00bbparallasse_img bottom\u00a0\u00bb _builder_version=\u00a0\u00bb4.27.2&Prime; _module_preset=\u00a0\u00bbdefault\u00a0\u00bb background_color=\u00a0\u00bb#291E19&Prime; background_image=\u00a0\u00bbhttps:\/\/www.residencechecrouit.com\/wp-content\/uploads\/2024\/12\/Aiace-Bazzana-per-Checrouit-68.jpg\u00a0\u00bb parallax=\u00a0\u00bbon\u00a0\u00bb height=\u00a0\u00bb40vw\u00a0\u00bb global_colors_info=\u00a0\u00bb{}\u00a0\u00bb][\/et_pb_section][et_pb_section fb_built=\u00a0\u00bb1&Prime; _builder_version=\u00a0\u00bb4.27.2&Prime; _module_preset=\u00a0\u00bbdefault\u00a0\u00bb background_color=\u00a0\u00bb#E5D7C3&Prime; global_colors_info=\u00a0\u00bb{}\u00a0\u00bb][et_pb_row column_structure=\u00a0\u00bb2_5,3_5&Prime; _builder_version=\u00a0\u00bb4.27.2&Prime; _module_preset=\u00a0\u00bbdefault\u00a0\u00bb width=\u00a0\u00bb90%\u00a0\u00bb max_width=\u00a0\u00bb90%\u00a0\u00bb global_colors_info=\u00a0\u00bb{}\u00a0\u00bb][et_pb_column type=\u00a0\u00bb2_5&Prime; _builder_version=\u00a0\u00bb4.27.2&Prime; _module_preset=\u00a0\u00bbdefault\u00a0\u00bb global_colors_info=\u00a0\u00bb{}\u00a0\u00bb][et_pb_text _builder_version=\u00a0\u00bb4.27.2&Prime; _module_preset=\u00a0\u00bbdefault\u00a0\u00bb global_colors_info=\u00a0\u00bb{}\u00a0\u00bb]<\/p>\n<p>Am\u00e9nag\u00e9 avec soin et attention aux d\u00e9tails, le Residence Checrouit offre une atmosph\u00e8re chaleureuse et accueillante. Les int\u00e9rieurs, caract\u00e9ris\u00e9s par des finitions en bois ancien et enrichis d\u2019\u00e9l\u00e9ments d\u2019artisanat local, cr\u00e9ent un environnement raffin\u00e9 et confortable.<\/p>\n<p>Le Residence dispose d&rsquo;un ascenseur, d&rsquo;un local \u00e0 skis et \u00e0 chaussures chauff\u00e9, ainsi que d&rsquo;une terrasse solarium, sur laquelle, en \u00e9t\u00e9, vous pourrez vous d\u00e9tendre en compagnie d&rsquo;un bon livre ou simplement profiter de la chaleur du soleil entour\u00e9 des montagnes les plus hautes d&rsquo;Europe.<\/p>\n<p>[\/et_pb_text][et_pb_image src=\u00a0\u00bbhttps:\/\/www.residencechecrouit.com\/wp-content\/uploads\/2024\/12\/Foto-esterna-2023-vericale.jpg\u00a0\u00bb title_text=\u00a0\u00bbFoto-esterna-2023-vericale\u00a0\u00bb _builder_version=\u00a0\u00bb4.27.4&Prime; _module_preset=\u00a0\u00bbdefault\u00a0\u00bb scroll_vertical_motion=\u00a0\u00bb0|50|50|100|-3|0|0&Prime; scroll_vertical_motion_tablet=\u00a0\u00bb0|50|50|100|0|0|0&Prime; scroll_vertical_motion_phone=\u00a0\u00bb0|50|50|100|0|0|0&Prime; scroll_vertical_motion_last_edited=\u00a0\u00bbon|desktop\u00a0\u00bb global_colors_info=\u00a0\u00bb{}\u00a0\u00bb][\/et_pb_image][\/et_pb_column][et_pb_column type=\u00a0\u00bb3_5&Prime; _builder_version=\u00a0\u00bb4.27.2&Prime; _module_preset=\u00a0\u00bbdefault\u00a0\u00bb global_colors_info=\u00a0\u00bb{}\u00a0\u00bb][et_pb_image src=\u00a0\u00bbhttps:\/\/www.residencechecrouit.com\/wp-content\/uploads\/2024\/12\/about-terrazzo.jpg\u00a0\u00bb title_text=\u00a0\u00bbabout-terrazzo\u00a0\u00bb _builder_version=\u00a0\u00bb4.27.4&Prime; _module_preset=\u00a0\u00bbdefault\u00a0\u00bb scroll_vertical_motion=\u00a0\u00bb0|50|50|100|-3|0|0&Prime; scroll_vertical_motion_tablet=\u00a0\u00bb0|50|50|100|0|0|0&Prime; scroll_vertical_motion_phone=\u00a0\u00bb0|50|50|100|0|0|0&Prime; scroll_vertical_motion_last_edited=\u00a0\u00bbon|desktop\u00a0\u00bb global_colors_info=\u00a0\u00bb{}\u00a0\u00bb][\/et_pb_image][et_pb_text _builder_version=\u00a0\u00bb4.27.2&Prime; _module_preset=\u00a0\u00bbdefault\u00a0\u00bb global_colors_info=\u00a0\u00bb{}\u00a0\u00bb]<\/p>\n<div class=\"flex max-w-full flex-col flex-grow\">\n<div data-message-author-role=\"assistant\" data-message-id=\"277f5067-e13a-4d02-bf78-1938b01ff521\" dir=\"auto\" class=\"min-h-8 text-message flex w-full flex-col items-end gap-2 whitespace-normal break-words text-start [.text-message+&amp;]:mt-5\" data-message-model-slug=\"gpt-4o-mini\">\n<div class=\"flex w-full flex-col gap-1 empty:hidden first:pt-[3px]\">\n<div class=\"markdown prose w-full break-words dark:prose-invert light\">\n<p>Situ\u00e9 dans un quartier calme et panoramique, notre r\u00e9sidence offre une vue spectaculaire sur le majestueux Mont Blanc. Notre emplacement strat\u00e9gique vous permet d\u2019\u00eatre \u00e0 seulement 350 m\u00e8tres des remont\u00e9es m\u00e9caniques et \u00e0 5 minutes \u00e0 pied du centre pi\u00e9tonnier de Courmayeur, o\u00f9 vous pourrez faire du shopping et profiter de votre temps libre.<br \/>De plus, les thermes de Pr\u00e9 Saint Didier, parfaits pour un moment de d\u00e9tente apr\u00e8s une journ\u00e9e de ski ou de randonn\u00e9e, se trouvent \u00e0 seulement 4 km, accessibles en 5 minutes en voiture.<\/p>\n<\/div>\n<\/div>\n<\/div>\n<\/div>\n<p>[\/et_pb_text][\/et_pb_column][\/et_pb_row][\/et_pb_section]<\/p>\n","protected":false},"excerpt":{"rendered":"<p>Le Residence Ch\u00e9crouit Depuis 1959 Le B&amp;B Residence Checrouit est g\u00e9r\u00e9 avec passion par notre famille depuis 1959. Un lieu d\u00e9di\u00e9 \u00e0 l&rsquo;hospitalit\u00e9 o\u00f9 l&rsquo;accueil est une attitude naturelle pour vous faire sentir chez vous, avec le confort et les services d&rsquo;un h\u00f4tel : nettoyage quotidien, linge de lit et de bain, t\u00e9l\u00e9vision Sky, internet [&hellip;]<\/p>\n","protected":false},"author":1,"featured_media":0,"parent":0,"menu_order":0,"comment_status":"closed","ping_status":"closed","template":"","meta":{"_et_pb_use_builder":"on","_et_pb_old_content":"","_et_gb_content_width":"","footnotes":""},"folder":[],"class_list":["post-2427","page","type-page","status-publish","hentry"],"_links":{"self":[{"href":"https:\/\/www.residencechecrouit.com\/fr\/wp-json\/wp\/v2\/pages\/2427","targetHints":{"allow":["GET"]}}],"collection":[{"href":"https:\/\/www.residencechecrouit.com\/fr\/wp-json\/wp\/v2\/pages"}],"about":[{"href":"https:\/\/www.residencechecrouit.com\/fr\/wp-json\/wp\/v2\/types\/page"}],"author":[{"embeddable":true,"href":"https:\/\/www.residencechecrouit.com\/fr\/wp-json\/wp\/v2\/users\/1"}],"replies":[{"embeddable":true,"href":"https:\/\/www.residencechecrouit.com\/fr\/wp-json\/wp\/v2\/comments?post=2427"}],"version-history":[{"count":10,"href":"https:\/\/www.residencechecrouit.com\/fr\/wp-json\/wp\/v2\/pages\/2427\/revisions"}],"predecessor-version":[{"id":2972,"href":"https:\/\/www.residencechecrouit.com\/fr\/wp-json\/wp\/v2\/pages\/2427\/revisions\/2972"}],"wp:attachment":[{"href":"https:\/\/www.residencechecrouit.com\/fr\/wp-json\/wp\/v2\/media?parent=2427"}],"wp:term":[{"taxonomy":"folder","embeddable":true,"href":"https:\/\/www.residencechecrouit.com\/fr\/wp-json\/wp\/v2\/folder?post=2427"}],"curies":[{"name":"wp","href":"https:\/\/api.w.org\/{rel}","templated":true}]}}