{"id":2425,"date":"2024-10-27T16:18:06","date_gmt":"2024-10-27T15:18:06","guid":{"rendered":"https:\/\/www.residencechecrouit.com\/monolocale-2-letti\/"},"modified":"2025-07-19T10:47:28","modified_gmt":"2025-07-19T08:47:28","slug":"studio-2-lits","status":"publish","type":"page","link":"https:\/\/www.residencechecrouit.com\/fr\/studio-2-lits\/","title":{"rendered":"Studio 2 lits"},"content":{"rendered":"<p>[et_pb_section fb_built=\u00a0\u00bb1&Prime; module_id=\u00a0\u00bbtop_pag\u00a0\u00bb _builder_version=\u00a0\u00bb4.27.2&Prime; _module_preset=\u00a0\u00bbdefault\u00a0\u00bb background_color=\u00a0\u00bb#E5D7C3&Prime; global_colors_info=\u00a0\u00bb{}\u00a0\u00bb][et_pb_row column_structure=\u00a0\u00bb3_5,2_5&Prime; _builder_version=\u00a0\u00bb4.27.2&Prime; _module_preset=\u00a0\u00bbdefault\u00a0\u00bb width=\u00a0\u00bb90%\u00a0\u00bb max_width=\u00a0\u00bb90%\u00a0\u00bb global_colors_info=\u00a0\u00bb{}\u00a0\u00bb][et_pb_column type=\u00a0\u00bb3_5&Prime; _builder_version=\u00a0\u00bb4.27.2&Prime; _module_preset=\u00a0\u00bbdefault\u00a0\u00bb global_colors_info=\u00a0\u00bb{}\u00a0\u00bb][et_pb_text _builder_version=\u00a0\u00bb4.27.2&Prime; _module_preset=\u00a0\u00bbdefault\u00a0\u00bb global_colors_info=\u00a0\u00bb{}\u00a0\u00bb]<\/p>\n<h1>Studio<\/h1>\n<h2>2 lits<\/h2>\n<div class=\"flex max-w-full flex-col flex-grow\">\n<div data-message-author-role=\"assistant\" data-message-id=\"303afa6e-913e-4b38-8891-22fd676af635\" dir=\"auto\" class=\"min-h-8 text-message flex w-full flex-col items-end gap-2 whitespace-normal break-words text-start [.text-message+&amp;]:mt-5\" data-message-model-slug=\"gpt-4o-mini\">\n<div class=\"flex w-full flex-col gap-1 empty:hidden first:pt-[3px]\">\n<div class=\"markdown prose w-full break-words dark:prose-invert light\">\n<p>4 appartements pour 2 personnes sont compos\u00e9s d\u2019un espace unique s\u00e9jour\/salle \u00e0 manger avec kitchenette \u00e9quip\u00e9e de 3 plaques \u00e9lectriques, r\u00e9frig\u00e9rateur, lave-vaisselle, micro-ondes et d\u2019un \u00e9quipement complet en vaisselle et accessoires de cuisine.<br \/>Ils peuvent disposer d\u2019un lit double ou de 2 lits simples.<br \/>Ils sont \u00e9quip\u00e9s d\u2019une salle de bain avec douche, bidet et s\u00e8che-cheveux, produits d&rsquo;acceuil, t\u00e9l\u00e9phone avec ligne directe, t\u00e9l\u00e9vision LCD \u00e0 \u00e9cran plat, cha\u00eenes satellite Sky, coffre-fort et WIFI gratuit.<\/p>\n<\/div>\n<\/div>\n<\/div>\n<\/div>\n<div class=\"mb-2 flex gap-3 empty:hidden -ml-2\">\n<div class=\"items-center justify-start rounded-xl p-1 flex\">\n<div class=\"flex items-center\"><\/div>\n<\/div>\n<\/div>\n<p>[\/et_pb_text][\/et_pb_column][et_pb_column type=\u00a0\u00bb2_5&Prime; _builder_version=\u00a0\u00bb4.27.2&Prime; _module_preset=\u00a0\u00bbdefault\u00a0\u00bb global_colors_info=\u00a0\u00bb{}\u00a0\u00bb][et_pb_image src=\u00a0\u00bbhttps:\/\/www.residencechecrouit.com\/wp-content\/uploads\/2024\/12\/monolocale-terzo_piano.jpg\u00a0\u00bb title_text=\u00a0\u00bbmonolocale-terzo_piano\u00a0\u00bb _builder_version=\u00a0\u00bb4.27.4&Prime; _module_preset=\u00a0\u00bbdefault\u00a0\u00bb scroll_vertical_motion=\u00a0\u00bb0|70|70|100|-7|0|0&Prime; scroll_vertical_motion_tablet=\u00a0\u00bb0|70|70|100|0|0|0&Prime; scroll_vertical_motion_phone=\u00a0\u00bb0|70|70|100|0|0|0&Prime; scroll_vertical_motion_last_edited=\u00a0\u00bbon|phone\u00a0\u00bb global_colors_info=\u00a0\u00bb{}\u00a0\u00bb][\/et_pb_image][\/et_pb_column][\/et_pb_row][\/et_pb_section][et_pb_section fb_built=\u00a0\u00bb1&Prime; fullwidth=\u00a0\u00bbon\u00a0\u00bb module_class=\u00a0\u00bbparallasse_img bottom\u00a0\u00bb _builder_version=\u00a0\u00bb4.27.2&Prime; _module_preset=\u00a0\u00bbdefault\u00a0\u00bb background_color=\u00a0\u00bb#291E19&Prime; background_image=\u00a0\u00bbhttps:\/\/www.residencechecrouit.com\/wp-content\/uploads\/2024\/10\/monolocale-secondo_piano-1.jpg\u00a0\u00bb parallax=\u00a0\u00bbon\u00a0\u00bb height=\u00a0\u00bb40vw\u00a0\u00bb global_colors_info=\u00a0\u00bb{}\u00a0\u00bb][\/et_pb_section][et_pb_section fb_built=\u00a0\u00bb1&Prime; module_id=\u00a0\u00bbapp\u00a0\u00bb _builder_version=\u00a0\u00bb4.27.2&Prime; _module_preset=\u00a0\u00bbdefault\u00a0\u00bb background_color=\u00a0\u00bb#E5D7C3&Prime; custom_padding=\u00a0\u00bb150px||150px||true|false\u00a0\u00bb global_colors_info=\u00a0\u00bb{}\u00a0\u00bb][et_pb_row _builder_version=\u00a0\u00bb4.27.2&Prime; _module_preset=\u00a0\u00bbdefault\u00a0\u00bb width=\u00a0\u00bb90%\u00a0\u00bb max_width=\u00a0\u00bb90%\u00a0\u00bb custom_padding=\u00a0\u00bb0px||0px||true|false\u00a0\u00bb global_colors_info=\u00a0\u00bb{}\u00a0\u00bb][et_pb_column type=\u00a0\u00bb4_4&Prime; _builder_version=\u00a0\u00bb4.27.2&Prime; _module_preset=\u00a0\u00bbdefault\u00a0\u00bb global_colors_info=\u00a0\u00bb{}\u00a0\u00bb][et_pb_code _builder_version=\u00a0\u00bb4.27.2&Prime; _module_preset=\u00a0\u00bbdefault\u00a0\u00bb global_colors_info=\u00a0\u00bb{}\u00a0\u00bb]<script><!-- [et_pb_line_break_holder] -->    $(document).ready(function() {<!-- [et_pb_line_break_holder] -->        \/\/ Assegna un evento di click a ogni <\/p>\n<h3> contenuto in #app .et_pb_text<!-- [et_pb_line_break_holder] -->        $(\"#app .et_pb_text h3\").on(\"click\", function() {<!-- [et_pb_line_break_holder] -->            \/\/ Seleziona il blocco .et_pb_text associato all'<\/p>\n<h3> cliccato<!-- [et_pb_line_break_holder] -->            var textBlock = $(this).closest(\".et_pb_text\");<!-- [et_pb_line_break_holder] -->            \/\/ imposto l'id da et_pb_text togliendo 'testo-'<!-- [et_pb_line_break_holder] -->            var galleryId = textBlock.attr(\"id\");<!-- [et_pb_line_break_holder] -->            if (galleryId && galleryId.startsWith(\"testo-\")) {<!-- [et_pb_line_break_holder] -->                galleryId = galleryId.replace('testo-', ''); \/\/ Rimuove 'testo-'<!-- [et_pb_line_break_holder] -->            }<!-- [et_pb_line_break_holder] --><!-- [et_pb_line_break_holder] -->            \/\/ Rimuovi la classe 'active' da tutti i blocchi di testo e da tutte le gallerie<!-- [et_pb_line_break_holder] -->            $(\"#app .et_pb_text\").removeClass(\"active\");<!-- [et_pb_line_break_holder] -->            $(\"#app .et_pb_gallery\").removeClass(\"active\");<!-- [et_pb_line_break_holder] --><!-- [et_pb_line_break_holder] -->            \/\/ Aggiungi la classe 'active' al blocco di testo corrispondente<!-- [et_pb_line_break_holder] -->            textBlock.addClass(\"active\");<!-- [et_pb_line_break_holder] --><!-- [et_pb_line_break_holder] -->            \/\/ Aggiungi la classe 'active' alla galleria corrispondente in base all'id<!-- [et_pb_line_break_holder] -->            $(\"#\" + galleryId).addClass(\"active\");<!-- [et_pb_line_break_holder] -->        });<!-- [et_pb_line_break_holder] -->    });<!-- [et_pb_line_break_holder] --><\/script>[\/et_pb_code][\/et_pb_column][\/et_pb_row][et_pb_row column_structure=\u00a0\u00bb1_3,2_3&Prime; use_custom_gutter=\u00a0\u00bbon\u00a0\u00bb gutter_width=\u00a0\u00bb4&Prime; _builder_version=\u00a0\u00bb4.27.4&Prime; _module_preset=\u00a0\u00bbdefault\u00a0\u00bb width=\u00a0\u00bb90%\u00a0\u00bb max_width=\u00a0\u00bb90%\u00a0\u00bb custom_padding=\u00a0\u00bb0px||0px||true|false\u00a0\u00bb global_colors_info=\u00a0\u00bb{}\u00a0\u00bb][et_pb_column type=\u00a0\u00bb1_3&Prime; _builder_version=\u00a0\u00bb4.27.2&Prime; _module_preset=\u00a0\u00bbdefault\u00a0\u00bb global_colors_info=\u00a0\u00bb{}\u00a0\u00bb][et_pb_text module_id=\u00a0\u00bbtesto-piano_terra\u00a0\u00bb module_class=\u00a0\u00bbactive\u00a0\u00bb _builder_version=\u00a0\u00bb4.27.2&Prime; _module_preset=\u00a0\u00bbdefault\u00a0\u00bb global_colors_info=\u00a0\u00bb{}\u00a0\u00bb]<\/p>\n<h3>Rez-de-chauss\u00e9e<\/h3>\n<p>Le premier studio est situ\u00e9 au rez-de-chauss\u00e9e avec entr\u00e9e ind\u00e9pendante et petit balcon avec table et chaises. Il offre une magnifique vue sur le Dente del Gigante et les Grandes Jorasses.<\/p>\n<p>[\/et_pb_text][et_pb_text module_id=\u00a0\u00bbtesto-primo_piano\u00a0\u00bb _builder_version=\u00a0\u00bb4.27.2&Prime; _module_preset=\u00a0\u00bbdefault\u00a0\u00bb global_colors_info=\u00a0\u00bb{}\u00a0\u00bb]<\/p>\n<h3>Premier \u00e9tage<\/h3>\n<p>Le deuxi\u00e8me studio est situ\u00e9 au premier \u00e9tage avec une grande terrasse \u00e9quip\u00e9e de table et chaises, donnant sur l&rsquo;arri\u00e8re, offrant une tranquillit\u00e9 immense. Il dispose d\u2019un lit double ou de 2 lits simples, d\u2019une salle de bain avec fen\u00eatre, \u00e9quip\u00e9e d\u2019une douche et d\u2019un s\u00e8che-cheveux.<\/p>\n<p>[\/et_pb_text][et_pb_text module_id=\u00a0\u00bbtesto-secondo_piano\u00a0\u00bb _builder_version=\u00a0\u00bb4.27.2&Prime; _module_preset=\u00a0\u00bbdefault\u00a0\u00bb global_colors_info=\u00a0\u00bb{}\u00a0\u00bb]<\/p>\n<h3>Deuxi\u00e8me \u00e9tage<\/h3>\n<p>Le troisi\u00e8me studio est situ\u00e9 au deuxi\u00e8me \u00e9tage avec un balcon sur deux c\u00f4t\u00e9s donnant \u00e9galement sur l\u2019arri\u00e8re, \u00e9galement \u00e9quip\u00e9 de table et chaises, offrant une tranquillit\u00e9 immense. Il dispose d\u2019un lit double ou de 2 lits simples, d\u2019une salle de bain avec fen\u00eatre, \u00e9quip\u00e9e d\u2019une douche et d\u2019un s\u00e8che-cheveux.<\/p>\n<p>[\/et_pb_text][et_pb_text module_id=\u00a0\u00bbtesto-terzo_piano\u00a0\u00bb _builder_version=\u00a0\u00bb4.27.2&Prime; _module_preset=\u00a0\u00bbdefault\u00a0\u00bb global_colors_info=\u00a0\u00bb{}\u00a0\u00bb]<\/p>\n<h3>Troisi\u00e8me \u00e9tage<\/h3>\n<p>Le quatri\u00e8me studio est situ\u00e9 au troisi\u00e8me \u00e9tage, sous les combles, donnant sur l\u2019arri\u00e8re. Il poss\u00e8de un balcon ext\u00e9rieur \u00e0 l\u2019appartement, \u00e0 usage exclusif, avec une superbe vue sur le Mont Blanc. Il dispose d\u2019un lit double ou de 2 lits simples, d\u2019une salle de bain avec fen\u00eatre, douche et s\u00e8che-cheveux.<\/p>\n<p>[\/et_pb_text][\/et_pb_column][et_pb_column type=\u00a0\u00bb2_3&Prime; _builder_version=\u00a0\u00bb4.27.4&Prime; _module_preset=\u00a0\u00bbdefault\u00a0\u00bb scroll_vertical_motion=\u00a0\u00bb0|50|50|100|-3|0|0&Prime; scroll_horizontal_motion=\u00a0\u00bb0|50|50|100|4|0|0&Prime; motion_trigger_start=\u00a0\u00bbtop\u00a0\u00bb scroll_vertical_motion_tablet=\u00a0\u00bb0|50|50|100|0|0|0&Prime; scroll_vertical_motion_phone=\u00a0\u00bb0|50|50|100|0|0|0&Prime; scroll_vertical_motion_last_edited=\u00a0\u00bbon|phone\u00a0\u00bb global_colors_info=\u00a0\u00bb{}\u00a0\u00bb][et_pb_gallery gallery_ids=\u00a0\u00bb2395,2393,2413&Prime; fullwidth=\u00a0\u00bbon\u00a0\u00bb module_id=\u00a0\u00bbpiano_terra\u00a0\u00bb module_class=\u00a0\u00bbactive\u00a0\u00bb _builder_version=\u00a0\u00bb4.27.4&Prime; _module_preset=\u00a0\u00bbdefault\u00a0\u00bb custom_margin=\u00a0\u00bb0px||0px||true|false\u00a0\u00bb global_colors_info=\u00a0\u00bb{}\u00a0\u00bb][\/et_pb_gallery][et_pb_gallery gallery_ids=\u00a0\u00bb2285,2291,2289,2287,2399&Prime; fullwidth=\u00a0\u00bbon\u00a0\u00bb module_id=\u00a0\u00bbprimo_piano\u00a0\u00bb _builder_version=\u00a0\u00bb4.27.2&Prime; _module_preset=\u00a0\u00bbdefault\u00a0\u00bb custom_margin=\u00a0\u00bb0px||0px||true|false\u00a0\u00bb global_colors_info=\u00a0\u00bb{}\u00a0\u00bb][\/et_pb_gallery][et_pb_gallery gallery_ids=\u00a0\u00bb2277,2283,2281,2279,2399&Prime; fullwidth=\u00a0\u00bbon\u00a0\u00bb module_id=\u00a0\u00bbsecondo_piano\u00a0\u00bb _builder_version=\u00a0\u00bb4.27.2&Prime; _module_preset=\u00a0\u00bbdefault\u00a0\u00bb custom_margin=\u00a0\u00bb0px||0px||true|false\u00a0\u00bb global_colors_info=\u00a0\u00bb{}\u00a0\u00bb][\/et_pb_gallery][et_pb_gallery gallery_ids=\u00a0\u00bb2293,2297,2295,2397&Prime; fullwidth=\u00a0\u00bbon\u00a0\u00bb module_id=\u00a0\u00bbterzo_piano\u00a0\u00bb _builder_version=\u00a0\u00bb4.27.2&Prime; _module_preset=\u00a0\u00bbdefault\u00a0\u00bb custom_margin=\u00a0\u00bb0px||0px||true|false\u00a0\u00bb global_colors_info=\u00a0\u00bb{}\u00a0\u00bb][\/et_pb_gallery][\/et_pb_column][\/et_pb_row][\/et_pb_section]<\/p>\n","protected":false},"excerpt":{"rendered":"<p>Studio 2 lits 4 appartements pour 2 personnes sont compos\u00e9s d\u2019un espace unique s\u00e9jour\/salle \u00e0 manger avec kitchenette \u00e9quip\u00e9e de 3 plaques \u00e9lectriques, r\u00e9frig\u00e9rateur, lave-vaisselle, micro-ondes et d\u2019un \u00e9quipement complet en vaisselle et accessoires de cuisine.Ils peuvent disposer d\u2019un lit double ou de 2 lits simples.Ils sont \u00e9quip\u00e9s d\u2019une salle de bain avec douche, bidet [&hellip;]<\/p>\n","protected":false},"author":1,"featured_media":0,"parent":0,"menu_order":0,"comment_status":"closed","ping_status":"closed","template":"","meta":{"_et_pb_use_builder":"on","_et_pb_old_content":"","_et_gb_content_width":"","footnotes":""},"folder":[],"class_list":["post-2425","page","type-page","status-publish","hentry"],"_links":{"self":[{"href":"https:\/\/www.residencechecrouit.com\/fr\/wp-json\/wp\/v2\/pages\/2425","targetHints":{"allow":["GET"]}}],"collection":[{"href":"https:\/\/www.residencechecrouit.com\/fr\/wp-json\/wp\/v2\/pages"}],"about":[{"href":"https:\/\/www.residencechecrouit.com\/fr\/wp-json\/wp\/v2\/types\/page"}],"author":[{"embeddable":true,"href":"https:\/\/www.residencechecrouit.com\/fr\/wp-json\/wp\/v2\/users\/1"}],"replies":[{"embeddable":true,"href":"https:\/\/www.residencechecrouit.com\/fr\/wp-json\/wp\/v2\/comments?post=2425"}],"version-history":[{"count":6,"href":"https:\/\/www.residencechecrouit.com\/fr\/wp-json\/wp\/v2\/pages\/2425\/revisions"}],"predecessor-version":[{"id":2936,"href":"https:\/\/www.residencechecrouit.com\/fr\/wp-json\/wp\/v2\/pages\/2425\/revisions\/2936"}],"wp:attachment":[{"href":"https:\/\/www.residencechecrouit.com\/fr\/wp-json\/wp\/v2\/media?parent=2425"}],"wp:term":[{"taxonomy":"folder","embeddable":true,"href":"https:\/\/www.residencechecrouit.com\/fr\/wp-json\/wp\/v2\/folder?post=2425"}],"curies":[{"name":"wp","href":"https:\/\/api.w.org\/{rel}","templated":true}]}}