{"id":2630,"date":"2024-12-13T12:38:45","date_gmt":"2024-12-13T11:38:45","guid":{"rendered":"https:\/\/www.residencechecrouit.com\/privacy-policy\/"},"modified":"2025-01-25T10:00:48","modified_gmt":"2025-01-25T09:00:48","slug":"privacy-policy","status":"publish","type":"page","link":"https:\/\/www.residencechecrouit.com\/en\/privacy-policy\/","title":{"rendered":"Privacy Policy"},"content":{"rendered":"<p>[et_pb_section fb_built=&#8221;1&#8243; module_id=&#8221;top_pag&#8221; module_class=&#8221;rc_policy&#8221; _builder_version=&#8221;4.27.2&#8243; _module_preset=&#8221;default&#8221; background_color=&#8221;#E5D7C3&#8243; global_colors_info=&#8221;{}&#8221;][et_pb_row _builder_version=&#8221;4.27.2&#8243; _module_preset=&#8221;default&#8221; width=&#8221;90%&#8221; max_width=&#8221;90%&#8221; global_colors_info=&#8221;{}&#8221;][et_pb_column type=&#8221;4_4&#8243; _builder_version=&#8221;4.27.2&#8243; _module_preset=&#8221;default&#8221; global_colors_info=&#8221;{}&#8221;][et_pb_text _builder_version=&#8221;4.27.2&#8243; _module_preset=&#8221;default&#8221; hover_enabled=&#8221;0&#8243; global_colors_info=&#8221;{}&#8221; sticky_enabled=&#8221;0&#8243;]<\/p>\n<h1>Privacy Policy<\/h1>\n<p>Di seguito vengono descritte le modalit\u00e0 di gestione del sito in riferimento al trattamento dei dati personali degli utenti che lo consultano. Si tratta di un&#8217;informativa che \u00e8 resa anche ai sensi dell&#8217;art. 13 del decreto legislativo n. 196\/2003 e del Regolamento (UE) 2016\/679 &#8211; Codice in materia di protezione dei dati personali &#8211; a coloro che consultano le pagine di questo sito internet (di seguito: \u201csito\u201d) o che usufruiscono dei servizi sullo stesso messi a disposizione. L&#8217;informativa \u00e8 resa esclusivamente per il sito e non anche per gli altri siti web eventualmente consultati dall&#8217;utente tramite i link presenti all&#8217;interno del sito.Titolare del trattamento<\/p>\n<p>Titolare del trattamento \u00e8 Laura Tricerri, Residence Checrouit, Av. Dent du Geant 46 11010 Pr\u00e9 Saint Didier Aosta -Tel. 0165844477 mail: <a href=\"mailto:info@residencexchecrouit.com\">info@residencechecrouit.com<\/a><\/p>\n<h2>Dati di navigazione<\/h2>\n<p>I sistemi informatici e le procedure software preposte al funzionamento di questo sito web acquisiscono, nel corso del loro normale esercizio, alcuni dati personali la cui trasmissione \u00e8 implicita nell&#8217;uso dei protocolli di comunicazione di Internet. Si tratta di informazioni che non sono raccolte per essere associate a interessati identificati, ma che per loro stessa natura potrebbero, attraverso elaborazioni ed associazioni con dati detenuti da terzi, permettere di identificare gli utenti. In questa categoria di dati rientrano gli indirizzi IP o i nomi a dominio dei computer utilizzati dagli utenti che si connettono al sito, gli indirizzi in notazione URI (Uniform Resource Identifier) delle risorse richieste, l&#8217;orario della richiesta, il metodo utilizzato nel sottoporre la richiesta al server, la dimensione del file ottenuto in risposta, il codice numerico indicante lo stato della risposta data dal server (buon fine, errore, ecc.) ed altri parametri relativi al sistema operativo e all&#8217;ambiente informatico dell&#8217;utente. Questi dati vengono utilizzati al solo fine di ricavare informazioni statistiche anonime sull&#8217;uso del sito e per controllarne il corretto funzionamento. I dati potrebbero essere utilizzati per l&#8217;accertamento di responsabilit\u00e0 in caso di ipotetici reati informatici ai danni del sito: salva questa eventualit\u00e0, allo stato i dati sui contatti web non persistono per pi\u00f9 di sette giorni.<\/p>\n<h2>Dati forniti volontariamente dall&#8217;utente.<\/h2>\n<p>La registrazione dei dati personali, anche sensibili, sulla apposita pagina del sito,finalizzata a richiedere servizi, l&#8217;accesso alle aree riservate del Sito, l&#8217;invio della newsletter, nonch\u00e9 l&#8217;invio facoltativo, esplicito e volontario di posta elettronica agli indirizzi indicati su questo sito, comporta la successiva acquisizione dell&#8217;indirizzo del mittente, necessario per rispondere alle richieste, nonch\u00e9 degli eventuali altri dati personali inseriti. Specifiche informative di sintesi verranno progressivamente riportate o visualizzate nelle pagine del sito predisposte per particolari servizi a richiesta<\/p>\n<h2>Facoltativit\u00e0 del conferimento dei dati<\/h2>\n<p>A parte quanto specificato per i dati di navigazione, l&#8217;utente \u00e8 libero di fornire i dati personali riportati nei moduli di richiesta di servizi, o comunque indicati in contatti con i nostri uffici per sollecitare l&#8217;invio della newsletter, di materiale informativo o di altre comunicazioni. Il loro mancato conferimento pu\u00f2 comportare l&#8217;impossibilit\u00e0 di ottenere quanto richiesto.<\/p>\n<h2>Modalit\u00e0 del trattamento<\/h2>\n<p>I dati personali sono trattati con strumenti automatizzati e manuali per il tempo strettamente necessario a conseguire gli scopi per cui sono stati raccolti. Specifiche misure di sicurezza sono osservate per prevenire la perdita dei dati, usi illeciti o non corretti ed accessi non autorizzati.<\/p>\n<h2>Diritti degli interessati<\/h2>\n<p>I soggetti cui si riferiscono i dati personali possono in qualunque momento far valere i seguenti diritti: accesso, verifica esattezza, aggiornamento, rettifica, integrazione, oblio, limitazione trattamento, notifica, portabilit\u00e0 e opposizione. Gli interessati hanno altres\u00ec il diritto di chiedere la cancellazione, la trasformazione in forma anonima o il blocco dei dati trattati in violazione di legge, nonch\u00e9 di opporsi in ogni caso, per motivi legittimi, al loro trattamento. Le richieste vanno rivolte al seguente indirizzo mail info@residencechecrouit.com oppure via posta ordinaria a Laura Tricerri, Residence Checrouit, Av. Dent du Geant 46 11010 Pr\u00e9 Saint Didier Aosta<\/p>\n<p>[\/et_pb_text][\/et_pb_column][\/et_pb_row][\/et_pb_section][et_pb_section fb_built=&#8221;1&#8243; fullwidth=&#8221;on&#8221; module_class=&#8221;parallasse_img bottom&#8221; _builder_version=&#8221;4.27.2&#8243; _module_preset=&#8221;default&#8221; background_color=&#8221;#291E19&#8243; background_image=&#8221;https:\/\/www.residencechecrouit.com\/wp-content\/uploads\/2024\/12\/Aiace-Bazzana-per-Checrouit-68.jpg&#8221; parallax=&#8221;on&#8221; height=&#8221;40vw&#8221; hover_enabled=&#8221;0&#8243; global_colors_info=&#8221;{}&#8221; title_text=&#8221;Aiace-Bazzana-per-Checrouit-68&#8243; sticky_enabled=&#8221;0&#8243;][\/et_pb_section]<\/p>\n","protected":false},"excerpt":{"rendered":"<p>Privacy Policy Di seguito vengono descritte le modalit\u00e0 di gestione del sito in riferimento al trattamento dei dati personali degli utenti che lo consultano. Si tratta di un&#8217;informativa che \u00e8 resa anche ai sensi dell&#8217;art. 13 del decreto legislativo n. 196\/2003 e del Regolamento (UE) 2016\/679 &#8211; Codice in materia di protezione dei dati personali [&hellip;]<\/p>\n","protected":false},"author":1,"featured_media":0,"parent":0,"menu_order":0,"comment_status":"closed","ping_status":"closed","template":"","meta":{"_et_pb_use_builder":"on","_et_pb_old_content":"","_et_gb_content_width":"","footnotes":""},"folder":[],"class_list":["post-2630","page","type-page","status-publish","hentry"],"_links":{"self":[{"href":"https:\/\/www.residencechecrouit.com\/en\/wp-json\/wp\/v2\/pages\/2630","targetHints":{"allow":["GET"]}}],"collection":[{"href":"https:\/\/www.residencechecrouit.com\/en\/wp-json\/wp\/v2\/pages"}],"about":[{"href":"https:\/\/www.residencechecrouit.com\/en\/wp-json\/wp\/v2\/types\/page"}],"author":[{"embeddable":true,"href":"https:\/\/www.residencechecrouit.com\/en\/wp-json\/wp\/v2\/users\/1"}],"replies":[{"embeddable":true,"href":"https:\/\/www.residencechecrouit.com\/en\/wp-json\/wp\/v2\/comments?post=2630"}],"version-history":[{"count":1,"href":"https:\/\/www.residencechecrouit.com\/en\/wp-json\/wp\/v2\/pages\/2630\/revisions"}],"predecessor-version":[{"id":2634,"href":"https:\/\/www.residencechecrouit.com\/en\/wp-json\/wp\/v2\/pages\/2630\/revisions\/2634"}],"wp:attachment":[{"href":"https:\/\/www.residencechecrouit.com\/en\/wp-json\/wp\/v2\/media?parent=2630"}],"wp:term":[{"taxonomy":"folder","embeddable":true,"href":"https:\/\/www.residencechecrouit.com\/en\/wp-json\/wp\/v2\/folder?post=2630"}],"curies":[{"name":"wp","href":"https:\/\/api.w.org\/{rel}","templated":true}]}}